{"id":5704,"date":"2022-12-27T10:28:59","date_gmt":"2022-12-27T09:28:59","guid":{"rendered":"https:\/\/www.fondazioneturistica.it\/projet-s-t-a-g-e\/"},"modified":"2022-12-27T10:29:00","modified_gmt":"2022-12-27T09:29:00","slug":"projet-s-t-a-g-e","status":"publish","type":"page","link":"https:\/\/www.fondazioneturistica.it\/fr\/projet-s-t-a-g-e\/","title":{"rendered":"Projet &#8220;S.T.A.G.E.&#8221;"},"content":{"rendered":"<p>[et_pb_section fb_built=&#8221;1&#8243; _builder_version=&#8221;4.16&#8243; custom_padding=&#8221;110px||100px||false|&#8221; global_colors_info=&#8221;{}&#8221;][et_pb_row column_structure=&#8221;1_4,3_4&#8243; use_custom_gutter=&#8221;on&#8221; _builder_version=&#8221;4.16&#8243; custom_margin=&#8221;|auto|0px|auto|false|false&#8221; custom_padding=&#8221;0px||60px||false|false&#8221; global_colors_info=&#8221;{}&#8221;][et_pb_column type=&#8221;1_4&#8243; _builder_version=&#8221;4.16&#8243; global_colors_info=&#8221;{}&#8221;][et_pb_image src=&#8221;http:\/\/fondazioneturistica.it\/wp-content\/uploads\/2020\/10\/ecole-hoteliere-chatillon.png&#8221; title_text=&#8221;Ecole Hoteliere Chatillon&#8221; url=&#8221;http:\/\/fondazioneturistica.it\/fr&#8221; _builder_version=&#8221;4.7.4&#8243; max_width=&#8221;150px&#8221; module_alignment=&#8221;right&#8221; global_module=&#8221;596&#8243; saved_tabs=&#8221;all&#8221; global_colors_info=&#8221;{}&#8221;][\/et_pb_image][\/et_pb_column][et_pb_column type=&#8221;3_4&#8243; _builder_version=&#8221;4.16&#8243; global_colors_info=&#8221;{}&#8221;][et_pb_text admin_label=&#8221;Titolo&#8221; _builder_version=&#8221;4.16&#8243; text_line_height=&#8221;70px&#8221; header_font=&#8221;Oswald||||||||&#8221; custom_margin=&#8221;||0px||false|false&#8221; custom_padding=&#8221;35px||20px||false|false&#8221; global_colors_info=&#8221;{}&#8221;]<\/p>\n<h1 style=\"text-align: left;\">Projet &#8220;S.T.A.G.E.&#8221;<\/h1>\n<p>[\/et_pb_text][\/et_pb_column][\/et_pb_row][et_pb_row column_structure=&#8221;1_4,3_4&#8243; _builder_version=&#8221;4.16&#8243; custom_padding=&#8221;0px||0px||true|&#8221; locked=&#8221;off&#8221; global_colors_info=&#8221;{}&#8221;][et_pb_column type=&#8221;1_4&#8243; _builder_version=&#8221;4.16&#8243; background_enable_color=&#8221;off&#8221; global_colors_info=&#8221;{}&#8221;][\/et_pb_column][et_pb_column type=&#8221;3_4&#8243; _builder_version=&#8221;4.16&#8243; background_enable_color=&#8221;off&#8221; global_colors_info=&#8221;{}&#8221;][et_pb_text admin_label=&#8221;Sottotitolo&#8221; _builder_version=&#8221;4.18.0&#8243; custom_margin=&#8221;||30px||false|false&#8221; global_colors_info=&#8221;{}&#8221;]<\/p>\n<h2 style=\"text-align: left;\">Programme Interreg Italie Suisse 2014\/ 2020<\/h2>\n<p>[\/et_pb_text][et_pb_image src=&#8221;https:\/\/www.fondazioneturistica.it\/wp-content\/uploads\/2022\/12\/logo-interreg.jpg&#8221; alt=&#8221;Interreg&#8221; title_text=&#8221;Interreg&#8221; _builder_version=&#8221;4.18.0&#8243; _module_preset=&#8221;default&#8221; max_width=&#8221;300px&#8221; global_colors_info=&#8221;{}&#8221;][\/et_pb_image][et_pb_divider _builder_version=&#8221;4.16&#8243; max_width=&#8221;200px&#8221; module_alignment=&#8221;left&#8221; custom_margin=&#8221;0px||10px||false|false&#8221; locked=&#8221;on&#8221; global_colors_info=&#8221;{}&#8221;][\/et_pb_divider][et_pb_text _builder_version=&#8221;4.18.0&#8243; module_alignment=&#8221;left&#8221; global_colors_info=&#8221;{}&#8221;]<\/p>\n<p><strong>\u00c9changes transfrontaliers d&#8217;h\u00f4tels pour la gouvernance \u00e9ducative<\/strong><\/p>\n<p><strong>AXE &#8211; OBJECTIF &#8211; ACTION<\/strong><\/p>\n<p><strong><\/strong><\/p>\n<ul>\n<li>Axe 5 &#8211; Renforcer la gouvernance transfrontali\u00e8re<\/li>\n<li>Objectif sp\u00e9cifique 5.1 &#8211; Collaboration, coordination et int\u00e9gration accrues entre les administrations et les parties prenantes pour renforcer la gouvernance transfrontali\u00e8re de la zone<\/li>\n<li>Action A) Initiatives visant \u00e0 renforcer les capacit\u00e9s de l&#8217;AP et l&#8217;int\u00e9gration entre les communaut\u00e9s<\/li>\n<\/ul>\n<p>[\/et_pb_text][et_pb_text _builder_version=&#8221;4.18.0&#8243; module_alignment=&#8221;left&#8221; global_colors_info=&#8221;{}&#8221;]<\/p>\n<p><strong>PARTENAIRE<\/strong><\/p>\n<ul><\/ul>\n<ul>\n<li>IT &#8211; Fondation pour la formation professionnelle en tourisme<\/li>\n<li>CH &#8211; \u00c9cole professionnelle commerciale et artisanale<\/li>\n<\/ul>\n<p>[\/et_pb_text][et_pb_image src=&#8221;https:\/\/www.fondazioneturistica.it\/wp-content\/uploads\/2022\/12\/ecole-commerce.png&#8221; alt=&#8221;Ecole Commerce&#8221; title_text=&#8221;Ecole Commerce&#8221; url=&#8221;https:\/\/www.epcasion.ch\/&#8221; url_new_window=&#8221;on&#8221; _builder_version=&#8221;4.18.0&#8243; _module_preset=&#8221;default&#8221; max_width=&#8221;250px&#8221; global_colors_info=&#8221;{}&#8221;][\/et_pb_image][\/et_pb_column][\/et_pb_row][\/et_pb_section][et_pb_section fb_built=&#8221;1&#8243; prev_background_color=&#8221;#ffffff&#8221; next_background_color=&#8221;#ffffff&#8221; _builder_version=&#8221;4.18.0&#8243; background_image=&#8221;https:\/\/www.fondazioneturistica.it\/wp-content\/uploads\/2022\/12\/progetto-stage.jpg&#8221; parallax=&#8221;on&#8221; parallax_method=&#8221;off&#8221; custom_padding=&#8221;200px||200px||true|&#8221; top_divider_style=&#8221;arrow2&#8243; top_divider_height=&#8221;75px&#8221; bottom_divider_style=&#8221;arrow2&#8243; bottom_divider_height=&#8221;75px&#8221; locked=&#8221;off&#8221; global_colors_info=&#8221;{}&#8221;][et_pb_row _builder_version=&#8221;4.16&#8243; global_colors_info=&#8221;{}&#8221;][et_pb_column type=&#8221;4_4&#8243; _builder_version=&#8221;4.16&#8243; global_colors_info=&#8221;{}&#8221;][et_pb_divider show_divider=&#8221;off&#8221; admin_label=&#8221;IMMAGINE da cambiare su sfondo BLU&#8221; _builder_version=&#8221;4.16&#8243; global_colors_info=&#8221;{}&#8221;][\/et_pb_divider][\/et_pb_column][\/et_pb_row][\/et_pb_section][et_pb_section fb_built=&#8221;1&#8243; _builder_version=&#8221;4.16&#8243; custom_padding=&#8221;110px||110px||true|&#8221; global_colors_info=&#8221;{}&#8221;][et_pb_row column_structure=&#8221;1_4,3_4&#8243; _builder_version=&#8221;4.16&#8243; custom_padding=&#8221;0px||0px||true|&#8221; locked=&#8221;off&#8221; global_colors_info=&#8221;{}&#8221;][et_pb_column type=&#8221;1_4&#8243; _builder_version=&#8221;4.16&#8243; background_enable_color=&#8221;off&#8221; global_colors_info=&#8221;{}&#8221;][\/et_pb_column][et_pb_column type=&#8221;3_4&#8243; _builder_version=&#8221;4.16&#8243; background_enable_color=&#8221;off&#8221; global_colors_info=&#8221;{}&#8221;][et_pb_text admin_label=&#8221;Sottotitolo&#8221; _builder_version=&#8221;4.16&#8243; custom_margin=&#8221;||10px||false|false&#8221; global_colors_info=&#8221;{}&#8221;]<\/p>\n<h2 style=\"text-align: left;\">R\u00e9sum\u00e9 du projet<\/h2>\n<p>[\/et_pb_text][et_pb_divider _builder_version=&#8221;4.16&#8243; max_width=&#8221;200px&#8221; module_alignment=&#8221;left&#8221; custom_margin=&#8221;0px||10px||false|false&#8221; locked=&#8221;on&#8221; global_colors_info=&#8221;{}&#8221;][\/et_pb_divider][et_pb_text _builder_version=&#8221;4.18.0&#8243; module_alignment=&#8221;left&#8221; global_colors_info=&#8221;{}&#8221;]<\/p>\n<p>Le projet entend soutenir une collaboration entre les \u00e9tablissements d&#8217;enseignement impliqu\u00e9s dans la formation dans le secteur de l&#8217;h\u00f4tellerie et de la restauration dans le but d&#8217;identifier des mod\u00e8les didactiques innovants et d&#8217;am\u00e9liorer les processus et les parcours de formation gr\u00e2ce au transfert de connaissances, \u00e0 l&#8217;\u00e9change de bonnes pratiques, aux \u00e9tudes et \u00e0 l&#8217;exp\u00e9rimentation de mod\u00e8les &#8220;gagnants&#8221; des deux c\u00f4t\u00e9s de la fronti\u00e8re. Le projet \u00e9merge de la perception partag\u00e9e des changements en cours, qui laissent pr\u00e9sager \u00e0 l&#8217;horizon des 5-10 prochaines ann\u00e9es une diminution du nombre d&#8217;\u00e9tudiants et une transformation du march\u00e9 du travail n\u00e9cessitant de nouvelles comp\u00e9tences.<\/p>\n<p>Les institutions partenaires, \u00e9coles reconnues au niveau r\u00e9gional et cantonal, vont tout d&#8217;abord travailler ensemble pour comprendre comment rendre leurs offres \u00e9ducatives attractives pour les familles et les jeunes, ceci \u00e0 travers le d\u00e9veloppement d&#8217;un mod\u00e8le d&#8217;identification des besoins qui soit partag\u00e9 et qui r\u00e9ponde en m\u00eame temps aux sp\u00e9cificit\u00e9s de chaque territoire. Par le biais d&#8217;un parcours d&#8217;\u00e9change\/jumelage, les partenaires r\u00e9aliseront des op\u00e9rations visant \u00e0 accro\u00eetre la r\u00e9ussite scolaire, notamment des actions d&#8217;orientation et d&#8217;accompagnement des jeunes dans leur choix de parcours de formation et des initiatives visant \u00e0 favoriser la connaissance et l&#8217;int\u00e9r\u00eat des propositions \u00e9ducatives et de formation des \u00e9tablissements. Au c\u0153ur de la coop\u00e9ration se trouve \u00e9galement l&#8217;aspect linguistique, lu sous un double aspect.<\/p>\n<p>Tout d&#8217;abord, l&#8217;utilisation commune du fran\u00e7ais comme langue v\u00e9hiculaire qui favorise les \u00e9changes et le travail en commun entre les personnels des \u00e9coles impliqu\u00e9es dans les \u00e9changes. D&#8217;autre part, la n\u00e9cessit\u00e9 d&#8217;accro\u00eetre les comp\u00e9tences linguistiques des \u00e9l\u00e8ves.<\/p>\n<p>[\/et_pb_text][\/et_pb_column][\/et_pb_row][et_pb_row column_structure=&#8221;1_4,3_4&#8243; _builder_version=&#8221;4.16&#8243; custom_padding=&#8221;0px||0px||true|&#8221; locked=&#8221;off&#8221; global_colors_info=&#8221;{}&#8221;][et_pb_column type=&#8221;1_4&#8243; _builder_version=&#8221;4.16&#8243; background_enable_color=&#8221;off&#8221; global_colors_info=&#8221;{}&#8221;][\/et_pb_column][et_pb_column type=&#8221;3_4&#8243; _builder_version=&#8221;4.16&#8243; background_enable_color=&#8221;off&#8221; global_colors_info=&#8221;{}&#8221;][et_pb_text admin_label=&#8221;Sottotitolo&#8221; _builder_version=&#8221;4.16&#8243; custom_margin=&#8221;46px||10px||false|false&#8221; global_colors_info=&#8221;{}&#8221;]<\/p>\n<h2 style=\"text-align: left;\">Activit\u00e9s<\/h2>\n<p>[\/et_pb_text][et_pb_divider _builder_version=&#8221;4.16&#8243; max_width=&#8221;200px&#8221; module_alignment=&#8221;left&#8221; custom_margin=&#8221;0px||10px||false|false&#8221; locked=&#8221;off&#8221; global_colors_info=&#8221;{}&#8221;][\/et_pb_divider][et_pb_text _builder_version=&#8221;4.18.0&#8243; module_alignment=&#8221;left&#8221; global_colors_info=&#8221;{}&#8221;]<\/p>\n<p><strong>Les actions suivantes sont pr\u00e9vues:<\/strong><\/p>\n<ol>\n<li>Promotion du r\u00e9seau de formation transfrontalier<\/li>\n<li>Actions de communication interne pour renforcer la coop\u00e9ration<\/li>\n<li>Partager les interventions pour la r\u00e9ussite scolaire :<br \/>3.1 Renforcement des capacit\u00e9s de l&#8217;organisation d&#8217;enseignement et de gestion<br \/>3.2 Transfert de connaissances et \u00e9change de bonnes pratiques pour l&#8217;enseignement et la gouvernance<\/li>\n<li>Interventions transfrontali\u00e8res pour la r\u00e9ussite scolaire des \u00e9l\u00e8ves<br \/>4.1 Ateliers de formation avec des contributions externes<br \/>4.2 Cours d&#8217;immersion en formation transfrontali\u00e8re<\/li>\n<\/ol>\n<p>[\/et_pb_text][et_pb_button button_url=&#8221;https:\/\/progetti.interreg-italiasvizzera.eu\/it\/b\/78\/scambitransfrontalierialberghieriperlagovernanceeducativa&#8221; url_new_window=&#8221;on&#8221; button_text=&#8221;Approfondissement&#8221; _builder_version=&#8221;4.18.0&#8243; _module_preset=&#8221;default&#8221; global_colors_info=&#8221;{}&#8221;][\/et_pb_button][\/et_pb_column][\/et_pb_row][et_pb_row column_structure=&#8221;1_4,3_4&#8243; _builder_version=&#8221;4.16&#8243; _module_preset=&#8221;default&#8221; global_colors_info=&#8221;{}&#8221;][et_pb_column type=&#8221;1_4&#8243; _builder_version=&#8221;4.16&#8243; _module_preset=&#8221;default&#8221; global_colors_info=&#8221;{}&#8221;][\/et_pb_column][et_pb_column type=&#8221;3_4&#8243; _builder_version=&#8221;4.16&#8243; _module_preset=&#8221;default&#8221; global_colors_info=&#8221;{}&#8221;][et_pb_text admin_label=&#8221;Sottotitolo&#8221; _builder_version=&#8221;4.18.0&#8243; custom_margin=&#8221;46px||10px||false|false&#8221; global_colors_info=&#8221;{}&#8221;]<\/p>\n<h2 style=\"text-align: left;\">Vid\u00e9o<\/h2>\n<p>[\/et_pb_text][et_pb_divider _builder_version=&#8221;4.16&#8243; max_width=&#8221;200px&#8221; module_alignment=&#8221;left&#8221; custom_margin=&#8221;0px||10px||false|false&#8221; locked=&#8221;off&#8221; global_colors_info=&#8221;{}&#8221;][\/et_pb_divider][\/et_pb_column][\/et_pb_row][et_pb_row column_structure=&#8221;1_3,1_3,1_3&#8243; use_custom_gutter=&#8221;on&#8221; gutter_width=&#8221;2&#8243; _builder_version=&#8221;4.18.0&#8243; _module_preset=&#8221;default&#8221; global_colors_info=&#8221;{}&#8221;][et_pb_column type=&#8221;1_3&#8243; _builder_version=&#8221;4.18.0&#8243; _module_preset=&#8221;default&#8221; global_colors_info=&#8221;{}&#8221;][et_pb_video src=&#8221;https:\/\/www.youtube.com\/watch?v=C2pb55t-luk&#8221; image_src=&#8221;\/\/i.ytimg.com\/vi\/C2pb55t-luk\/hqdefault.jpg&#8221; _builder_version=&#8221;4.18.0&#8243; _module_preset=&#8221;default&#8221; custom_margin=&#8221;||10px||false|false&#8221; global_colors_info=&#8221;{}&#8221;][\/et_pb_video][et_pb_text _builder_version=&#8221;4.18.0&#8243; _module_preset=&#8221;default&#8221; global_colors_info=&#8221;{}&#8221;]<\/p>\n<p style=\"text-align: center;\">R\u00e9seau des anciens: R\u00e9union 1956<\/p>\n<p>[\/et_pb_text][\/et_pb_column][et_pb_column type=&#8221;1_3&#8243; _builder_version=&#8221;4.18.0&#8243; _module_preset=&#8221;default&#8221; global_colors_info=&#8221;{}&#8221;][et_pb_video src=&#8221;https:\/\/www.youtube.com\/watch?v=41GXhELEvnQ&#8221; image_src=&#8221;\/\/i.ytimg.com\/vi\/41GXhELEvnQ\/hqdefault.jpg&#8221; _builder_version=&#8221;4.18.0&#8243; _module_preset=&#8221;default&#8221; custom_margin=&#8221;||10px||false|false&#8221; global_colors_info=&#8221;{}&#8221;][\/et_pb_video][et_pb_text _builder_version=&#8221;4.18.0&#8243; _module_preset=&#8221;default&#8221; global_colors_info=&#8221;{}&#8221;]<\/p>\n<p style=\"text-align: center;\">Promotion et communication : Matteo Cignetti<\/p>\n<p>[\/et_pb_text][\/et_pb_column][et_pb_column type=&#8221;1_3&#8243; _builder_version=&#8221;4.18.0&#8243; _module_preset=&#8221;default&#8221; global_colors_info=&#8221;{}&#8221;][et_pb_video src=&#8221;https:\/\/www.youtube.com\/watch?v=fWGMto0rlFk&#8221; image_src=&#8221;\/\/i.ytimg.com\/vi\/fWGMto0rlFk\/hqdefault.jpg&#8221; _builder_version=&#8221;4.18.0&#8243; _module_preset=&#8221;default&#8221; custom_margin=&#8221;||10px||false|false&#8221; global_colors_info=&#8221;{}&#8221;][\/et_pb_video][et_pb_text _builder_version=&#8221;4.18.0&#8243; _module_preset=&#8221;default&#8221; global_colors_info=&#8221;{}&#8221;]<\/p>\n<p style=\"text-align: center;\">Partner: Ren\u00e9 Constantin &#8211; Directeur<\/p>\n<p>[\/et_pb_text][\/et_pb_column][\/et_pb_row][et_pb_row column_structure=&#8221;1_3,1_3,1_3&#8243; use_custom_gutter=&#8221;on&#8221; gutter_width=&#8221;2&#8243; _builder_version=&#8221;4.18.0&#8243; _module_preset=&#8221;default&#8221; global_colors_info=&#8221;{}&#8221;][et_pb_column type=&#8221;1_3&#8243; _builder_version=&#8221;4.18.0&#8243; _module_preset=&#8221;default&#8221; global_colors_info=&#8221;{}&#8221;][et_pb_video src=&#8221;https:\/\/www.youtube.com\/watch?v=FC82HRbyX6M&#8221; image_src=&#8221;\/\/i.ytimg.com\/vi\/FC82HRbyX6M\/hqdefault.jpg&#8221; _builder_version=&#8221;4.18.0&#8243; _module_preset=&#8221;default&#8221; custom_margin=&#8221;||10px||false|false&#8221; hover_enabled=&#8221;0&#8243; global_colors_info=&#8221;{}&#8221; sticky_enabled=&#8221;0&#8243;][\/et_pb_video][et_pb_text _builder_version=&#8221;4.18.0&#8243; _module_preset=&#8221;default&#8221; hover_enabled=&#8221;0&#8243; global_colors_info=&#8221;{}&#8221; sticky_enabled=&#8221;0&#8243;]<\/p>\n<p style=\"text-align: center;\">Spot \u00c9cole H\u00f4teli\u00e8re de la Vall\u00e9e d&#8217;Aoste<\/p>\n<p>[\/et_pb_text][\/et_pb_column][et_pb_column type=&#8221;1_3&#8243; _builder_version=&#8221;4.18.0&#8243; _module_preset=&#8221;default&#8221; global_colors_info=&#8221;{}&#8221;][\/et_pb_column][et_pb_column type=&#8221;1_3&#8243; _builder_version=&#8221;4.18.0&#8243; _module_preset=&#8221;default&#8221; global_colors_info=&#8221;{}&#8221;][\/et_pb_column][\/et_pb_row][\/et_pb_section]<\/p>\n","protected":false},"excerpt":{"rendered":"<p>Projet &#8220;S.T.A.G.E.&#8221;Programme Interreg Italie Suisse 2014\/ 2020\u00c9changes transfrontaliers d&#8217;h\u00f4tels pour la gouvernance \u00e9ducative AXE &#8211; OBJECTIF &#8211; ACTION Axe 5 &#8211; Renforcer la gouvernance transfrontali\u00e8re Objectif sp\u00e9cifique 5.1 &#8211; Collaboration, coordination et int\u00e9gration accrues entre les administrations et les parties prenantes pour renforcer la gouvernance transfrontali\u00e8re de la zone Action A) Initiatives visant \u00e0 renforcer [&hellip;]<\/p>\n","protected":false},"author":1,"featured_media":0,"parent":0,"menu_order":0,"comment_status":"closed","ping_status":"closed","template":"","meta":{"_et_pb_use_builder":"on","_et_pb_old_content":"","_et_gb_content_width":"","footnotes":""},"class_list":["post-5704","page","type-page","status-publish","hentry"],"yoast_head":"<!-- This site is optimized with the Yoast SEO plugin v27.3 - https:\/\/yoast.com\/product\/yoast-seo-wordpress\/ -->\n<title>Projet &quot;S.T.A.G.E.&quot; - \u00c9cole H\u00f4teli\u00e8re<\/title>\n<meta name=\"robots\" content=\"index, follow, max-snippet:-1, max-image-preview:large, max-video-preview:-1\" \/>\n<link rel=\"canonical\" href=\"https:\/\/www.fondazioneturistica.it\/il-progetto-stage\/\" \/>\n<meta property=\"og:locale\" content=\"fr_FR\" \/>\n<meta property=\"og:type\" content=\"article\" \/>\n<meta property=\"og:title\" content=\"Projet &quot;S.T.A.G.E.&quot; - \u00c9cole H\u00f4teli\u00e8re\" \/>\n<meta property=\"og:description\" content=\"Projet &quot;S.T.A.G.E.&quot;Programme Interreg Italie Suisse 2014\/ 2020\u00c9changes transfrontaliers d&#039;h\u00f4tels pour la gouvernance \u00e9ducative AXE - OBJECTIF - ACTION Axe 5 - Renforcer la gouvernance transfrontali\u00e8re Objectif sp\u00e9cifique 5.1 - Collaboration, coordination et int\u00e9gration accrues entre les administrations et les parties prenantes pour renforcer la gouvernance transfrontali\u00e8re de la zone Action A) Initiatives visant \u00e0 renforcer [&hellip;]\" \/>\n<meta property=\"og:url\" content=\"https:\/\/www.fondazioneturistica.it\/il-progetto-stage\/\" \/>\n<meta property=\"og:site_name\" content=\"\u00c9cole H\u00f4teli\u00e8re\" \/>\n<meta property=\"article:modified_time\" content=\"2022-12-27T09:29:00+00:00\" \/>\n<meta name=\"twitter:card\" content=\"summary_large_image\" \/>\n<meta name=\"twitter:label1\" content=\"Dur\u00e9e de lecture estim\u00e9e\" \/>\n\t<meta name=\"twitter:data1\" content=\"8 minutes\" \/>\n<script type=\"application\/ld+json\" class=\"yoast-schema-graph\">{\"@context\":\"https:\\\/\\\/schema.org\",\"@graph\":[{\"@type\":\"WebPage\",\"@id\":\"https:\\\/\\\/www.fondazioneturistica.it\\\/il-progetto-stage\\\/\",\"url\":\"https:\\\/\\\/www.fondazioneturistica.it\\\/il-progetto-stage\\\/\",\"name\":\"Projet \\\"S.T.A.G.E.\\\" - \u00c9cole H\u00f4teli\u00e8re\",\"isPartOf\":{\"@id\":\"https:\\\/\\\/www.fondazioneturistica.it\\\/#website\"},\"datePublished\":\"2022-12-27T09:28:59+00:00\",\"dateModified\":\"2022-12-27T09:29:00+00:00\",\"breadcrumb\":{\"@id\":\"https:\\\/\\\/www.fondazioneturistica.it\\\/il-progetto-stage\\\/#breadcrumb\"},\"inLanguage\":\"fr-FR\",\"potentialAction\":[{\"@type\":\"ReadAction\",\"target\":[\"https:\\\/\\\/www.fondazioneturistica.it\\\/il-progetto-stage\\\/\"]}]},{\"@type\":\"BreadcrumbList\",\"@id\":\"https:\\\/\\\/www.fondazioneturistica.it\\\/il-progetto-stage\\\/#breadcrumb\",\"itemListElement\":[{\"@type\":\"ListItem\",\"position\":1,\"name\":\"Home\",\"item\":\"https:\\\/\\\/www.fondazioneturistica.it\\\/fr\\\/\"},{\"@type\":\"ListItem\",\"position\":2,\"name\":\"Projet &#8220;S.T.A.G.E.&#8221;\"}]},{\"@type\":\"WebSite\",\"@id\":\"https:\\\/\\\/www.fondazioneturistica.it\\\/#website\",\"url\":\"https:\\\/\\\/www.fondazioneturistica.it\\\/\",\"name\":\"\u00c9cole H\u00f4teli\u00e8re\",\"description\":\"de la Vall\u00e9e d&#039;Aoste\",\"potentialAction\":[{\"@type\":\"SearchAction\",\"target\":{\"@type\":\"EntryPoint\",\"urlTemplate\":\"https:\\\/\\\/www.fondazioneturistica.it\\\/?s={search_term_string}\"},\"query-input\":{\"@type\":\"PropertyValueSpecification\",\"valueRequired\":true,\"valueName\":\"search_term_string\"}}],\"inLanguage\":\"fr-FR\"}]}<\/script>\n<!-- \/ Yoast SEO plugin. -->","yoast_head_json":{"title":"Projet \"S.T.A.G.E.\" - \u00c9cole H\u00f4teli\u00e8re","robots":{"index":"index","follow":"follow","max-snippet":"max-snippet:-1","max-image-preview":"max-image-preview:large","max-video-preview":"max-video-preview:-1"},"canonical":"https:\/\/www.fondazioneturistica.it\/il-progetto-stage\/","og_locale":"fr_FR","og_type":"article","og_title":"Projet \"S.T.A.G.E.\" - \u00c9cole H\u00f4teli\u00e8re","og_description":"Projet \"S.T.A.G.E.\"Programme Interreg Italie Suisse 2014\/ 2020\u00c9changes transfrontaliers d'h\u00f4tels pour la gouvernance \u00e9ducative AXE - OBJECTIF - ACTION Axe 5 - Renforcer la gouvernance transfrontali\u00e8re Objectif sp\u00e9cifique 5.1 - Collaboration, coordination et int\u00e9gration accrues entre les administrations et les parties prenantes pour renforcer la gouvernance transfrontali\u00e8re de la zone Action A) Initiatives visant \u00e0 renforcer [&hellip;]","og_url":"https:\/\/www.fondazioneturistica.it\/il-progetto-stage\/","og_site_name":"\u00c9cole H\u00f4teli\u00e8re","article_modified_time":"2022-12-27T09:29:00+00:00","twitter_card":"summary_large_image","twitter_misc":{"Dur\u00e9e de lecture estim\u00e9e":"8 minutes"},"schema":{"@context":"https:\/\/schema.org","@graph":[{"@type":"WebPage","@id":"https:\/\/www.fondazioneturistica.it\/il-progetto-stage\/","url":"https:\/\/www.fondazioneturistica.it\/il-progetto-stage\/","name":"Projet \"S.T.A.G.E.\" - \u00c9cole H\u00f4teli\u00e8re","isPartOf":{"@id":"https:\/\/www.fondazioneturistica.it\/#website"},"datePublished":"2022-12-27T09:28:59+00:00","dateModified":"2022-12-27T09:29:00+00:00","breadcrumb":{"@id":"https:\/\/www.fondazioneturistica.it\/il-progetto-stage\/#breadcrumb"},"inLanguage":"fr-FR","potentialAction":[{"@type":"ReadAction","target":["https:\/\/www.fondazioneturistica.it\/il-progetto-stage\/"]}]},{"@type":"BreadcrumbList","@id":"https:\/\/www.fondazioneturistica.it\/il-progetto-stage\/#breadcrumb","itemListElement":[{"@type":"ListItem","position":1,"name":"Home","item":"https:\/\/www.fondazioneturistica.it\/fr\/"},{"@type":"ListItem","position":2,"name":"Projet &#8220;S.T.A.G.E.&#8221;"}]},{"@type":"WebSite","@id":"https:\/\/www.fondazioneturistica.it\/#website","url":"https:\/\/www.fondazioneturistica.it\/","name":"\u00c9cole H\u00f4teli\u00e8re","description":"de la Vall\u00e9e d&#039;Aoste","potentialAction":[{"@type":"SearchAction","target":{"@type":"EntryPoint","urlTemplate":"https:\/\/www.fondazioneturistica.it\/?s={search_term_string}"},"query-input":{"@type":"PropertyValueSpecification","valueRequired":true,"valueName":"search_term_string"}}],"inLanguage":"fr-FR"}]}},"_links":{"self":[{"href":"https:\/\/www.fondazioneturistica.it\/fr\/wp-json\/wp\/v2\/pages\/5704","targetHints":{"allow":["GET"]}}],"collection":[{"href":"https:\/\/www.fondazioneturistica.it\/fr\/wp-json\/wp\/v2\/pages"}],"about":[{"href":"https:\/\/www.fondazioneturistica.it\/fr\/wp-json\/wp\/v2\/types\/page"}],"author":[{"embeddable":true,"href":"https:\/\/www.fondazioneturistica.it\/fr\/wp-json\/wp\/v2\/users\/1"}],"replies":[{"embeddable":true,"href":"https:\/\/www.fondazioneturistica.it\/fr\/wp-json\/wp\/v2\/comments?post=5704"}],"version-history":[{"count":2,"href":"https:\/\/www.fondazioneturistica.it\/fr\/wp-json\/wp\/v2\/pages\/5704\/revisions"}],"predecessor-version":[{"id":5706,"href":"https:\/\/www.fondazioneturistica.it\/fr\/wp-json\/wp\/v2\/pages\/5704\/revisions\/5706"}],"wp:attachment":[{"href":"https:\/\/www.fondazioneturistica.it\/fr\/wp-json\/wp\/v2\/media?parent=5704"}],"curies":[{"name":"wp","href":"https:\/\/api.w.org\/{rel}","templated":true}]}}